{"id":3892,"date":"2015-05-30T04:45:28","date_gmt":"2015-05-30T04:45:28","guid":{"rendered":"http:\/\/mision19.com\/eng\/?page_id=2"},"modified":"2025-09-24T19:04:28","modified_gmt":"2025-09-25T03:04:28","slug":"home1-2","status":"publish","type":"page","link":"http:\/\/mision19.com\/eng\/","title":{"rendered":"Home"},"content":{"rendered":"<div class=\"one fullwidth\">\n<link href=\"http:\/\/fonts.googleapis.com\/css?family=Kristi:400%7CLato:300%2C400\" rel=\"stylesheet\" property=\"stylesheet\" type=\"text\/css\" media=\"all\">\n<div id=\"rev_slider_1_1_wrapper\" class=\"rev_slider_wrapper fullscreen-container\" data-source=\"gallery\" style=\"background:#262626;padding:0px;\">\n<!-- START REVOLUTION SLIDER 5.4.8.1 fullscreen mode -->\n\t<div id=\"rev_slider_1_1\" class=\"rev_slider fullscreenbanner\" style=\"display:none;\" data-version=\"5.4.8.1\">\n<ul>\t<!-- SLIDE  -->\n\t<li data-index=\"rs-1\" data-transition=\"zoomin\" data-slotamount=\"7\" data-hideafterloop=\"0\" data-hideslideonmobile=\"off\"  data-easein=\"default\" data-easeout=\"default\" data-masterspeed=\"300\"  data-thumb=\"http:\/\/mision19.com\/eng\/wp-content\/uploads\/2019\/02\/Fondo3.jpg\"  data-rotate=\"0\"  data-saveperformance=\"on\"  data-title=\"Slide\" data-param1=\"\" data-param2=\"\" data-param3=\"\" data-param4=\"\" data-param5=\"\" data-param6=\"\" data-param7=\"\" data-param8=\"\" data-param9=\"\" data-param10=\"\" data-description=\"\">\n\t\t<!-- MAIN IMAGE -->\n\t\t<img fetchpriority=\"high\" decoding=\"async\" src=\"http:\/\/mision19.com\/eng\/wp-content\/uploads\/2019\/02\/Fondo3.jpg\"  alt=\"\" title=\"Fondo3\"  width=\"1300\" height=\"867\" data-bgposition=\"center top\" data-bgfit=\"cover\" data-bgrepeat=\"no-repeat\" class=\"rev-slidebg\" data-no-retina>\n\t\t<!-- LAYERS -->\n\n\t\t<!-- LAYER NR. 1 -->\n\t\t<div class=\"tp-caption title-first-word   tp-resizeme\" \n\t\t\t id=\"slide-1-layer-1\" \n\t\t\t data-x=\"91\" \n\t\t\t data-y=\"center\" data-voffset=\"20\" \n\t\t\t\t\t\tdata-width=\"['auto']\"\n\t\t\tdata-height=\"['auto']\"\n \n\t\t\tdata-type=\"text\" \n\t\t\tdata-responsive_offset=\"on\" \n\n\t\t\tdata-frames='[{\"delay\":450,\"speed\":300,\"frame\":\"0\",\"from\":\"opacity:0;\",\"to\":\"o:1;\",\"ease\":\"Power3.easeInOut\"},{\"delay\":\"wait\",\"speed\":300,\"frame\":\"999\",\"to\":\"auto:auto;\",\"ease\":\"nothing\"}]'\n\t\t\tdata-textAlign=\"['inherit','inherit','inherit','inherit']\"\n\t\t\tdata-paddingtop=\"[0,0,0,0]\"\n\t\t\tdata-paddingright=\"[0,0,0,0]\"\n\t\t\tdata-paddingbottom=\"[0,0,0,0]\"\n\t\t\tdata-paddingleft=\"[0,0,0,0]\"\n\n\t\t\tstyle=\"z-index: 5; white-space: nowrap; font-weight: 400; color: #da251d; letter-spacing: px;\">Welcome to <\/div>\n\n\t\t<!-- LAYER NR. 2 -->\n\t\t<div class=\"tp-caption title   tp-resizeme\" \n\t\t\t id=\"slide-1-layer-2\" \n\t\t\t data-x=\"90\" \n\t\t\t data-y=\"center\" data-voffset=\"80\" \n\t\t\t\t\t\tdata-width=\"['auto']\"\n\t\t\tdata-height=\"['auto']\"\n \n\t\t\tdata-type=\"text\" \n\t\t\tdata-responsive_offset=\"on\" \n\n\t\t\tdata-frames='[{\"delay\":500,\"speed\":300,\"frame\":\"0\",\"from\":\"opacity:0;\",\"to\":\"o:1;\",\"ease\":\"Power3.easeInOut\"},{\"delay\":\"wait\",\"speed\":300,\"frame\":\"999\",\"to\":\"auto:auto;\",\"ease\":\"nothing\"}]'\n\t\t\tdata-textAlign=\"['inherit','inherit','inherit','inherit']\"\n\t\t\tdata-paddingtop=\"[0,0,0,0]\"\n\t\t\tdata-paddingright=\"[0,0,0,0]\"\n\t\t\tdata-paddingbottom=\"[0,0,0,0]\"\n\t\t\tdata-paddingleft=\"[0,0,0,0]\"\n\n\t\t\tstyle=\"z-index: 6; white-space: nowrap; line-height: px; color: #ffffff; letter-spacing: px;\">Mision<strong>19<\/strong> <\/div>\n\n\t\t<!-- LAYER NR. 3 -->\n\t\t<div class=\"tp-caption sub-title   tp-resizeme\" \n\t\t\t id=\"slide-1-layer-3\" \n\t\t\t data-x=\"89\" \n\t\t\t data-y=\"center\" data-voffset=\"128\" \n\t\t\t\t\t\tdata-width=\"['auto']\"\n\t\t\tdata-height=\"['auto']\"\n \n\t\t\tdata-type=\"text\" \n\t\t\tdata-responsive_offset=\"on\" \n\n\t\t\tdata-frames='[{\"delay\":500,\"speed\":300,\"frame\":\"0\",\"from\":\"opacity:0;\",\"to\":\"o:1;\",\"ease\":\"Power3.easeInOut\"},{\"delay\":\"wait\",\"speed\":300,\"frame\":\"999\",\"to\":\"auto:auto;\",\"ease\":\"nothing\"}]'\n\t\t\tdata-textAlign=\"['inherit','inherit','inherit','inherit']\"\n\t\t\tdata-paddingtop=\"[0,0,0,0]\"\n\t\t\tdata-paddingright=\"[0,0,0,0]\"\n\t\t\tdata-paddingbottom=\"[0,0,0,0]\"\n\t\t\tdata-paddingleft=\"[0,0,0,0]\"\n\n\t\t\tstyle=\"z-index: 7; white-space: nowrap; color: #ffffff; letter-spacing: px;\">Baja California Cuisine<br\/> <\/div>\n\t<\/li>\n<\/ul>\n<div class=\"tp-bannertimer tp-bottom\" style=\"visibility: hidden !important;\"><\/div>\t<\/div>\n<script>var htmlDiv = document.getElementById(\"rs-plugin-settings-inline-css\"); var htmlDivCss=\".tp-caption.title-first-word,.title-first-word{font-size:60px;line-height:50px;font-family:Kristi;color:#cfa670;text-decoration:none;background-color:transparent;border-width:0px;border-color:rgb(0,0,0);border-style:none;text-shadow:none}.tp-caption.title,.title{font-size:65px;font-weight:300;font-family:Lato;color:rgb(255,255,255);text-decoration:none;background-color:transparent;border-width:0px;border-color:rgb(0,0,0);border-style:none;text-shadow:none;text-transform:uppercase;letter-spacing:-3px}.tp-caption.sub-title,.sub-title{font-size:20px;line-height:24px;font-weight:400;font-family:Lato;color:rgb(255,255,255);text-decoration:none;background-color:transparent;border-width:0px;border-color:rgb(0,0,0);border-style:none;text-shadow:none;text-transform:uppercase;letter-spacing:-1px}\";\r\n\t\t\t\tif(htmlDiv) {\r\n\t\t\t\t\thtmlDiv.innerHTML = htmlDiv.innerHTML + htmlDivCss;\r\n\t\t\t\t}else{\r\n\t\t\t\t\tvar htmlDiv = document.createElement(\"div\");\r\n\t\t\t\t\thtmlDiv.innerHTML = \"<style>\" + htmlDivCss + \"<\/style>\";\r\n\t\t\t\t\tdocument.getElementsByTagName(\"head\")[0].appendChild(htmlDiv.childNodes[0]);\r\n\t\t\t\t}\r\n\t\t\t<\/script>\n\t\t<script type=\"text\/javascript\">\r\nif (setREVStartSize!==undefined) setREVStartSize(\r\n\t{c: '#rev_slider_1_1', gridwidth: [1425], gridheight: [650], sliderLayout: 'fullscreen', fullScreenAutoWidth:'off', fullScreenAlignForce:'off', fullScreenOffsetContainer:'', fullScreenOffset:''});\r\n\t\t\t\r\nvar revapi1,\r\n\ttpj;\t\r\n(function() {\t\t\t\r\n\tif (!\/loaded|interactive|complete\/.test(document.readyState)) document.addEventListener(\"DOMContentLoaded\",onLoad); else onLoad();\t\r\n\tfunction onLoad() {\t\t\t\t\r\n\t\tif (tpj===undefined) { tpj = jQuery; if(\"on\" == \"on\") tpj.noConflict();}\r\n\tif(tpj(\"#rev_slider_1_1\").revolution == undefined){\n\t\trevslider_showDoubleJqueryError(\"#rev_slider_1_1\");\n\t}else{\n\t\trevapi1 = tpj(\"#rev_slider_1_1\").show().revolution({\n\t\t\tsliderType:\"standard\",\n\t\t\tjsFileLocation:\"\/\/mision19.com\/eng\/wp-content\/plugins\/revslider\/public\/assets\/js\/\",\n\t\t\tsliderLayout:\"fullscreen\",\n\t\t\tdottedOverlay:\"none\",\n\t\t\tdelay:7000,\n\t\t\tnavigation: {\n\t\t\t\tkeyboardNavigation:\"off\",\n\t\t\t\tkeyboard_direction: \"horizontal\",\n\t\t\t\tmouseScrollNavigation:\"off\",\n \t\t\t\t\t\t\tmouseScrollReverse:\"default\",\n\t\t\t\tonHoverStop:\"off\",\n\t\t\t\ttouch:{\n\t\t\t\t\ttouchenabled:\"on\",\n\t\t\t\t\ttouchOnDesktop:\"off\",\n\t\t\t\t\tswipe_threshold: 75,\n\t\t\t\t\tswipe_min_touches: 1,\n\t\t\t\t\tswipe_direction: \"horizontal\",\n\t\t\t\t\tdrag_block_vertical: false\n\t\t\t\t}\n\t\t\t},\n\t\t\tvisibilityLevels:[1240,1024,778,480],\n\t\t\tgridwidth:1425,\n\t\t\tgridheight:650,\n\t\t\tlazyType:\"none\",\n\t\t\tshadow:0,\n\t\t\tspinner:\"spinner3\",\n\t\t\tstopLoop:\"off\",\n\t\t\tstopAfterLoops:-1,\n\t\t\tstopAtSlide:-1,\n\t\t\tshuffle:\"off\",\n\t\t\tautoHeight:\"off\",\n\t\t\tfullScreenAutoWidth:\"off\",\n\t\t\tfullScreenAlignForce:\"off\",\n\t\t\tfullScreenOffsetContainer: \"\",\n\t\t\tfullScreenOffset: \"\",\n\t\t\tdisableProgressBar:\"on\",\n\t\t\thideThumbsOnMobile:\"off\",\n\t\t\thideSliderAtLimit:0,\n\t\t\thideCaptionAtLimit:0,\n\t\t\thideAllCaptionAtLilmit:0,\n\t\t\tdebugMode:false,\n\t\t\tfallbacks: {\n\t\t\t\tsimplifyAll:\"off\",\n\t\t\t\tnextSlideOnWindowFocus:\"off\",\n\t\t\t\tdisableFocusListener:false,\n\t\t\t}\n\t\t});\n\t}; \/* END OF revapi call *\/\n\t\n }; \/* END OF ON LOAD FUNCTION *\/\r\n}()); \/* END OF WRAPPING FUNCTION *\/\r\n<\/script>\r\n\t\t<script>\r\n\t\t\t\t\tvar htmlDivCss = '\t#rev_slider_1_1_wrapper .tp-loader.spinner3 div { background-color: #444444 !important; } ';\r\n\t\t\t\t\tvar htmlDiv = document.getElementById('rs-plugin-settings-inline-css');\r\n\t\t\t\t\tif(htmlDiv) {\r\n\t\t\t\t\t\thtmlDiv.innerHTML = htmlDiv.innerHTML + htmlDivCss;\r\n\t\t\t\t\t}\r\n\t\t\t\t\telse{\r\n\t\t\t\t\t\tvar htmlDiv = document.createElement('div');\r\n\t\t\t\t\t\thtmlDiv.innerHTML = '<style>' + htmlDivCss + '<\/style>';\r\n\t\t\t\t\t\tdocument.getElementsByTagName('head')[0].appendChild(htmlDiv.childNodes[0]);\r\n\t\t\t\t\t}\r\n\t\t\t\t\t<\/script>\r\n\t\t\t\t\t<\/div><!-- END REVOLUTION SLIDER -->\n<div class=\"one withsmallpadding ppb_text\" style=\"text-align: center; padding-bottom: 0 !important; padding: 50px 0 50px 0;\">\n<div class=\"standard_wrapper\">\n<div class=\"page_content_wrapper\">\n<div class=\"inner\">\n<div style=\"margin: auto; width: 60%;\">\n<div style=\"font-size: 30px; text-transform: uppercase; letter-spacing: -1px; font-weight: 300;\">\u201cMISSION 19 CAUSES AN AVANT GARDE CHANGE IN THE BAJA CALIFORNIA KITCHEN\u201d<\/div>\n<p><span style=\"font-family: Kristi; font-size: 40px; font-weight: 400;\">Juan Carlos Silva<\/span><\/p>\n<\/div>\n<\/div>\n<\/div>\n<\/div>\n<\/div>\n<div class=\"one ppb_card_two_cols_with_image\" style=\"padding: 30px 0 30px 0; position: relative; color: #454545;\">\n<div class=\"standard_wrapper\">\n<div class=\"page_content_wrapper\">\n<div class=\"inner\">\n<div class=\"one_half parallax_scroll_image\" style=\"width: 50%;\">\n<div class=\"image_classic_frame expand\">\n<div class=\"image_wrapper\"><img decoding=\"async\" class=\"portfolio_img\" src=\"https:\/\/mision19.com\/wp-content\/uploads\/2025\/09\/chef-juan-carlos-silva.jpeg\" alt=\"\" \/><\/div>\n<\/div>\n<\/div>\n<div class=\"one_half last parallax_scroll\" style=\"width: 55%; position: absolute; right: 90px; padding: 30px; background: #ffffff;\" data-stellar-ratio=\"1.3\">\n<h2 class=\"ppb_title\" style=\"color: #454545;\"><span class=\"ppb_title_first\" style=\"color: #454545;\">Our<\/span>Cuisine<\/h2>\n<div class=\"page_header_sep left\" style=\"border-color: #454545;\"><\/div>\n<p>M\u00e9xico | Sustentable | Baja California | Org\u00e1nica | Mediterr\u00e1nea | Artesanal | Mar | Vid | Valles | Tijuana | Umami | Granjas | Terru\u00f1o | Huertas | Olivares | Contempor\u00e1nea | Espont\u00e1nea<\/p>\n<\/div>\n<p>&nbsp;<\/p>\n<\/div>\n<\/div>\n<\/div>\n<\/div>\n<div class=\"divider one\"><\/div>\n<div class=\"parallax title\" data-image=\"http:\/\/mision19.com\/wp-content\/uploads\/2019\/02\/Fondo2.jpg\" data-width=\"1300\" data-height=\"867\" data-content-height=\"60\">\n<div class=\"parallax_title\">\n<h2 class=\"ppb_title\"><span class=\"ppb_title_first\">Our<\/span>Menu<\/h2>\n<\/div>\n<\/div>\n<div class=\"one withsmallpadding ppb_header \" style=\"text-align: center; padding: 30px 0 30px 0;\">\n<div class=\"standard_wrapper\">\n<div class=\"page_content_wrapper\">\n<div class=\"inner\">\n<div style=\"margin: auto; width: 100%;\">\n<p><a href=\"https:\/\/mision19.com\/wp-content\/uploads\/2025\/09\/MENU-2025.pdf\"><img decoding=\"async\" class=\"alignnone size-medium wp-image-5803\" src=\"https:\/\/mision19.com\/wp-content\/uploads\/2021\/09\/Menu-English.jpg\" alt=\"\" width=\"600\" height=\"200\" \/><\/a><\/p>\n<p><a href=\"http:\/\/mision19.com\/wp-content\/uploads\/2025\/09\/VEGAN-MENU-2025.pdf\"><img decoding=\"async\" class=\"alignnone size-medium wp-image-5803\" src=\"https:\/\/mision19.com\/eng\/wp-content\/uploads\/2021\/05\/VEGAN-MENU.jpg\" alt=\"\" width=\"600\" height=\"200\" \/><\/a><\/p>\n<p><a href=\"http:\/\/mision19.com\/wp-content\/uploads\/2025\/09\/KIDS-MENU-2025.pdf\"><img loading=\"lazy\" decoding=\"async\" class=\"alignnone size-medium wp-image-5803\" src=\"http:\/\/mision19.com\/eng\/wp-content\/uploads\/2021\/05\/KIDS-MENU.jpg\" alt=\"\" width=\"600\" height=\"200\" \/><\/a><\/p>\n<p><a href=\"https:\/\/mision19.com\/wp-content\/uploads\/2025\/09\/DESSERTS-2025.pdf\"><img loading=\"lazy\" decoding=\"async\" class=\"alignnone size-medium wp-image-5803\" src=\"https:\/\/mision19.com\/eng\/wp-content\/uploads\/2021\/05\/DESSERTS.jpg\" alt=\"\" width=\"600\" height=\"200\" \/><\/a><\/p>\n<p><a href=\"https:\/\/mision19.com\/wp-content\/uploads\/2025\/09\/CARAJILLOS-AND-MEZCALES-ING-2025.pdf\"><img loading=\"lazy\" decoding=\"async\" class=\"alignnone size-medium wp-image-5803\" src=\"https:\/\/mision19.com\/eng\/wp-content\/uploads\/2021\/05\/CARAJILLOS-MEZCALES.jpg\" alt=\"\" width=\"600\" height=\"200\" \/><\/a><\/p>\n<p><a href=\"https:\/\/mision19.com\/wp-content\/uploads\/2025\/09\/MIXOLOGY-2025.pdf\"><img loading=\"lazy\" decoding=\"async\" class=\"alignnone size-medium wp-image-5803\" src=\"https:\/\/mision19.com\/eng\/wp-content\/uploads\/2021\/05\/MIXOLOGY.jpg\" alt=\"\" width=\"600\" height=\"200\" \/><\/a><\/p>\n<p><a href=\"https:\/\/mision19.com\/wp-content\/uploads\/2025\/09\/VINOS.pdf\"><img loading=\"lazy\" decoding=\"async\" class=\"alignnone size-medium wp-image-5803\" src=\"http:\/\/mision19.com\/eng\/wp-content\/uploads\/2021\/05\/WINE-3.jpg\" alt=\"\" width=\"600\" height=\"200\" \/><\/a><\/p>\n<\/div>\n<\/div>\n<\/div>\n<\/div>\n<\/div>\n<div id=\"contact\" class=\"one\" style=\"position: relative; padding: 40px 0 40px 0;\">\n<div class=\"standard_wrapper\">\n<div class=\"page_content_wrapper\">\n<div class=\"inner\">\n<div class=\"one_half parallax_scroll_image\" style=\"width: 65%;\">\n<div class=\"image_classic_frame expand\">\n<div class=\"image_wrapper\"><a class=\"img_frame\" href=\"http:\/\/mision19.com\/eng\/wp-content\/uploads\/2019\/02\/Nosotros.jpg\"><img decoding=\"async\" class=\"portfolio_img\" src=\"http:\/\/mision19.com\/eng\/wp-content\/uploads\/2019\/02\/Nosotros.jpg\" alt=\"\" \/><\/a><\/div>\n<\/div>\n<\/div>\n<div class=\"one_half last parallax_scroll\" style=\"width: 40%; position: absolute; right: 90px; background: #ffffff; padding: 40px;\" data-stellar-ratio=\"1.3\">\n<h2 class=\"ppb_title\">Contact<\/h2>\n<div class=\"page_header_sep left\"><\/div>\n<div id=\"reponse_msg_16587959381444417550\" class=\"contact_form_response\"><\/div>\n<form id=\"contact_form_16587959381444417550\" class=\"contact_form_wrapper\" action=\"\/wp-admin\/admin-ajax.php\" method=\"post\"><input id=\"action\" name=\"action\" type=\"hidden\" value=\"pp_contact_mailer\" \/><label for=\"your_name\">Nombre *<\/label><br \/>\n<input id=\"your_name\" class=\"required_field\" name=\"your_name\" type=\"text\" placeholder=\"Nombre *\" \/><br \/>\n<label for=\"email\">Email *<\/label><br \/>\n<input id=\"email\" class=\"required_field email\" name=\"email\" type=\"text\" placeholder=\"Email *\" \/><br \/>\n<label for=\"message\">Mensaje *<\/label><br \/>\n<textarea id=\"message\" class=\"required_field\" style=\"width: 95.5%;\" cols=\"10\" name=\"message\" rows=\"7\" placeholder=\"Mensaje *\"><\/textarea><\/p>\n<div class=\"contact_submit_wrapper\"><input id=\"contact_submit_btn16587959381444417550\" class=\"solidbg\" name=\"contact_submit_btn16587959381444417550\" type=\"submit\" value=\"Send\" \/><\/div>\n<\/form>\n<\/div>\n<p>&nbsp;<\/p>\n<\/div>\n<\/div>\n<\/div>\n<\/div>\n<div class=\"divider one\"><\/div>\n<div class=\"one withsmallpadding ppb_text\" style=\"padding: 0px 0 0px 0;\">\n<div class=\"standard_wrapper\">\n<div class=\"page_content_wrapper\">\n<div class=\"inner\">\n<div style=\"margin: auto; width: 100%;\">\n<p><iframe style=\"border: 0;\" src=\"https:\/\/www.google.com\/maps\/embed?pb=!1m14!1m8!1m3!1d26912.969509106846!2d-117.02717769603392!3d32.52291010590969!3m2!1i1024!2i768!4f13.1!3m3!1m2!1s0x0%3A0xe591f70ada47945a!2sMisi%C3%B3n+19!5e0!3m2!1sen!2smx!4v1549940729551\" width=\"1100\" height=\"450\" frameborder=\"0\" allowfullscreen=\"allowfullscreen\"><\/iframe><\/p>\n<\/div>\n<\/div>\n<\/div>\n<\/div>\n<\/div>\n<div class=\"divider one\"><\/div>\n<\/div>\n","protected":false},"excerpt":{"rendered":"<p>\u201cMISSION 19 CAUSES AN AVANT GARDE CHANGE IN THE BAJA CALIFORNIA KITCHEN\u201d Juan Carlos Silva OurCuisine M\u00e9xico | Sustentable | Baja California | Org\u00e1nica | Mediterr\u00e1nea | Artesanal | Mar | Vid | Valles | Tijuana | Umami | Granjas [&hellip;]<\/p>\n","protected":false},"author":2,"featured_media":0,"parent":0,"menu_order":0,"comment_status":"open","ping_status":"open","template":"","meta":{"_monsterinsights_skip_tracking":false,"_monsterinsights_sitenote_active":false,"_monsterinsights_sitenote_note":"","_monsterinsights_sitenote_category":0,"footnotes":""},"_links":{"self":[{"href":"http:\/\/mision19.com\/eng\/wp-json\/wp\/v2\/pages\/3892"}],"collection":[{"href":"http:\/\/mision19.com\/eng\/wp-json\/wp\/v2\/pages"}],"about":[{"href":"http:\/\/mision19.com\/eng\/wp-json\/wp\/v2\/types\/page"}],"author":[{"embeddable":true,"href":"http:\/\/mision19.com\/eng\/wp-json\/wp\/v2\/users\/2"}],"replies":[{"embeddable":true,"href":"http:\/\/mision19.com\/eng\/wp-json\/wp\/v2\/comments?post=3892"}],"version-history":[{"count":382,"href":"http:\/\/mision19.com\/eng\/wp-json\/wp\/v2\/pages\/3892\/revisions"}],"predecessor-version":[{"id":6060,"href":"http:\/\/mision19.com\/eng\/wp-json\/wp\/v2\/pages\/3892\/revisions\/6060"}],"wp:attachment":[{"href":"http:\/\/mision19.com\/eng\/wp-json\/wp\/v2\/media?parent=3892"}],"curies":[{"name":"wp","href":"https:\/\/api.w.org\/{rel}","templated":true}]}}